{"id":19,"date":"2017-11-01T15:21:29","date_gmt":"2017-11-01T06:21:29","guid":{"rendered":"http:\/\/iwppi.sakura.ne.jp\/wp2018\/?page_id=19"},"modified":"2018-08-29T11:11:06","modified_gmt":"2018-08-29T02:11:06","slug":"committee","status":"publish","type":"page","link":"https:\/\/pof-con.org\/iwppi\/committee\/","title":{"rendered":"Organizing Committee"},"content":{"rendered":"<section id=\"committee\">\r\n  <h1>IWPPI2018 Organizing Committee<\/h1>\r\n  <div class=\"clearfix\">\r\n    <div class=\"com clearfix\">\r\n      <div class=\"thumb\">\r\n        <img decoding=\"async\" src=\"https:\/\/pof-con.org\/iwppi\/wp-content\/themes\/iwppi2018\/img\/committees\/miyata.jpg\" \/>\r\n      <\/div>\r\n      <div class=\"text\">\r\n        <p>Honorable Chair:<br \/>\r\n        <b>Seizo Miyata<\/b>\r\n        <small>Program Officer, Japan Science&#038;Technology Agency<\/small><\/p>\r\n      <\/div>\r\n    <\/div>\r\n  \r\n    <div class=\"com clearfix\">\r\n      <div class=\"thumb\">\r\n        <img decoding=\"async\" src=\"https:\/\/pof-con.org\/iwppi\/wp-content\/themes\/iwppi2018\/img\/committees\/yatagai.jpg\" \/>\r\n      <\/div>\r\n      <div class=\"text\">\r\n        <p>General Co-Chair:<br \/><b>Toyohiko Yatagai<\/b>\r\n        <small>Utsunomiya University, Japan<\/small><\/p>\r\n      <\/div>\r\n    <\/div>\r\n    \r\n    <div class=\"com clearfix\">\r\n      <div class=\"thumb\">\r\n        <img decoding=\"async\" src=\"https:\/\/pof-con.org\/iwppi\/wp-content\/themes\/iwppi2018\/img\/committees\/koike.jpg\" \/>\r\n      <\/div>\r\n      <div class=\"text\">\r\n        <p>General Co-Chair:<br \/><b>Yasuhiro Koike<\/b>\r\n        <small>Keio University, Japan<\/small><\/p>\r\n      <\/div>\r\n    <\/div> \r\n    \r\n    <div class=\"com clearfix\">\r\n      <div class=\"thumb\">\r\n        <img decoding=\"async\" src=\"https:\/\/pof-con.org\/iwppi\/wp-content\/themes\/iwppi2018\/img\/committees\/sugihara.jpg\" \/>\r\n      <\/div>\r\n      <div class=\"text\">\r\n        <p>Program Co-Chair:<br \/><b>Okihiro Sugihara<\/b>\r\n        <small>Utsunomiya University, Japan<\/small><\/p>\r\n      <\/div>\r\n    <\/div>\r\n    \r\n    <div class=\"com clearfix\">\r\n      <div class=\"thumb\">\r\n        <img decoding=\"async\" src=\"https:\/\/pof-con.org\/iwppi\/wp-content\/themes\/iwppi2018\/img\/committees\/tokita.jpg\" \/>\r\n      <\/div>\r\n      <div class=\"text\">\r\n        <p>Program Co-Chair:<br \/><b>Masatoshi Tokita<\/b>\r\n        <small>Tokyo Institute of Technology, Japan<\/small><\/p>\r\n      <\/div>\r\n    <\/div>\r\n  <\/div>\r\n   \r\n  <h2>International Advisory Committee (alphabetical order)<\/h2>\r\n  <ul>\r\n    <li><strong>Bruno Ameduri<\/strong> (Ing\u00e9nierie et Architectures Macromol\u00e9culaires Institut Charles Gerhardt, France)<\/li>\r\n    <li><strong>Chantal Andraud<\/strong> (\u00c9cole Normale Sup\u00e9rieure de Lyon, France)<\/li>\r\n    <li><strong>Andr\u00e9-Jean Attias<\/strong> (Universit\u00e9 Pierre-et-Marie-Curie, France)<\/li>\r\n    <li><strong>Janglin Chen<\/strong> (Display Technology Center\/ITRI, Taiwan)<\/li>\r\n    <li><strong>James Grote<\/strong> (Wright Patterson Air Force Base, USA)<\/li>\r\n    <li><strong>Ken Y. Hsu,<\/strong> (National Chiao Tung University, Taiwan)<\/li>\r\n    <li><strong>Eunkyong Kim<\/strong> (Yonsei University, Korea)<\/li>\r\n    <li><strong>Bernard Kippelen<\/strong> (Georgia Institute of Technology, USA)<\/li>\r\n    <li><strong>Iam Choon Khoo<\/strong> (Pennsylvania State University, USA)<\/li>\r\n    <li><strong>Mark G. Kuzyk<\/strong> (Washington State University, USA)<\/li>\r\n    <li><strong>Isabelle Rak Ledoux<\/strong> (\u00c9cole Normale Sup\u00e9rieure de Cachan, France)<\/li>\r\n    <li><strong>Kwang-Sup Lee<\/strong> (Hannam University, Korea)<\/li>\r\n    <li><strong>Duncan Moore<\/strong> (University of Rochester, USA)<\/li>\r\n    <li><strong>Jean-Michel Nunzi<\/strong> (Queen&#8217;s University, Canada)<\/li>\r\n    <li><strong>Wolfgang Osten<\/strong> (Stuttgart University, Germany)<\/li>\r\n    <li><strong>Nasser Peyghambarian<\/strong> (The University of Arizona, USA)<\/li>\r\n    <li><strong>Ileana Rau<\/strong> (University Politehnica of Bucharest, Romania)<\/li>\r\n    <li><strong>Ifor Samuel<\/strong> (University of St. Andrews, UK)<\/li>\r\n    <li><strong>Ken Singer<\/strong> (Case Western Reserve University, USA)<\/li>\r\n    <li><strong>Joseba Zubia<\/strong> (University of the Basque Country, Spain)<\/li>\r\n    <li><strong>Joseph Zyss<\/strong> (\u00c9cole Normale Sup\u00e9rieure de Cachan, France)<\/li>\r\n  <\/ul>\r\n  \r\n  <h2>Program Committee (alphabetical order)<\/h2>\r\n\r\n  <ul>\r\n    <li>Program Co-Chair: <strong>Okihiro Sugihara<\/strong> (Utsunomiya University, Japan)<\/li>\r\n    <li>Program Co-Chair: <strong>Masatoshi Tokita<\/strong> (Tokyo Institute of Technology, Japan)<\/li>\r\n  <\/ul>\r\n  \r\n  <ul>\r\n    <li><strong>Daisuke Barada<\/strong> (Utsunomiya University, Japan)<\/li>\r\n    <li><strong>Bin Cai<\/strong> (University of Shanghai for Science and Technology, China)<\/li>\r\n    <li><strong>Ryushi Fujimura<\/strong> (Utsunomiya University, Japan)<\/li>\r\n    <li><strong>Takashi Fukuda<\/strong> (National Institute of Advanced Industrial Science and Technology (AIST), Japan)<\/li>\r\n    <li><strong>Azusa Inoue<\/strong> (Keio University, Japan)<\/li>\r\n    <li><strong>Tomohiro Kita<\/strong> (Waseda University, Japan)<\/li>\r\n    <li><strong>Lusi Safriani<\/strong> (Padjadjaran University, Indonesia)<\/li>\r\n    <li><strong>Tsutomu Shimura<\/strong> (University of Tokyo, Japan)<\/li>\r\n    <li><strong>Hiroshi Takizuka<\/strong> (Keio University, Japan)<\/li>\r\n    <li><strong>Tatsuya Yamashita<\/strong> (Toyota Central Research and Development, Japan)<\/li>\r\n    <li><strong>Shiyoshi Yokoyama<\/strong> (Kyushu University, Japan)<\/li>\r\n  <\/ul>\r\n\r\n  <h2>Steering Committee<\/h2>\r\n  <ul>\r\n    <li><strong>Eiji Yoda<\/strong> (JXTG Nippon Oil &#038; Energy Corporation\uff09<\/li>\r\n    <li><strong>Tadamasa Fujimura<\/strong> (Vision Development CO.,LTD\uff09<\/li>\r\n    <li><strong>Keisuke Murata<\/strong> (Central Glass Co., Ltd.\uff09<\/li>\r\n    <li><strong>Yukinobu Tada<\/strong> (Hitachi-LG Data Storage, Inc.\uff09<\/li>\r\n    <li><strong>Tomohiro Kikuta<\/strong> (Adamant Namiki Precision Jewel Co., Ltd.\uff09<\/li>\r\n    <li><strong>Hideyuki Nawata<\/strong> (Nissan Chemical Industries, Ltd.\uff09<\/li>\t\r\n    <li><strong>Akihito Mitsui<\/strong> (Mitsubishi Pencil Co., Ltd.\uff09<\/li>\r\n    <li><strong>Koichiro Yoshimura<\/strong> (HONDA TSUSHIN KOGYO CO., LTD.\uff09<\/li>\r\n    <li><strong>Mitsuhiko Mizuno<\/strong> (DENSO CORPORATION\uff09<\/li>\r\n    <li><strong>Nobuyuki Ishihara<\/strong> (ISHIHARA SANGYO Co., ltd.\uff09<\/li> \t\r\n    <li><strong>Akiharu Miyanaga<\/strong> (NS Materials Inc.\uff09<\/li>\t\r\n    <li><strong>Hiroaki Suzuki<\/strong> (ARIOS Inc.\uff09<\/li>\r\n    <li><strong>Makoto Morinaga<\/strong> (The University of Electro-Communications\uff09<\/li>\r\n    <li><strong>Michihiko Odate<\/strong> (City of Suwa)<\/li>\r\n    <li><strong>Yoshinobu Asakura<\/strong> (Nittoh Inc.)<\/li>\r\n  <\/ul>  \r\n<\/section>","protected":false},"excerpt":{"rendered":"<p>IWPPI2018 Organizing Committee Honorable Chair: Seizo Miyata Program Officer, Japan Science&#038;Technology Agency General Co-Chair:Toyohiko Yatagai Utsunomiya University, Japan General Co-Chair:Yasuhiro Koike Keio University, Japan Program Co-Chair:Okihiro Sugihara Utsunomiya University, Japan Program Co-Chair:Masatoshi Tokita Tokyo Institute of Technology, Japan International Advisory Committee (alphabetical order) Bruno Ameduri (Ing\u00e9nierie et Architectures Macromol\u00e9culaires Institut Charles Gerhardt, France) Chantal Andraud (\u00c9cole Normale Sup\u00e9rieure de Lyon, France) Andr\u00e9-Jean Attias (Universit\u00e9 Pierre-et-Marie-Curie, France) Janglin Chen (Display Technology Center\/ITRI, Taiwan) James Grote (Wright Patterson Air Force Base, USA) Ken Y. Hsu, (National Chiao Tung University, Taiwan) Eunkyong Kim (Yonsei University, Korea) Bernard Kippelen (Georgia Institute of Technology, USA) Iam Choon Khoo (Pennsylvania State University, USA) Mark G. Kuzyk [&hellip;]<\/p>\n","protected":false},"author":1,"featured_media":0,"parent":0,"menu_order":80,"comment_status":"closed","ping_status":"closed","template":"","meta":[],"_links":{"self":[{"href":"https:\/\/pof-con.org\/iwppi\/wp-json\/wp\/v2\/pages\/19"}],"collection":[{"href":"https:\/\/pof-con.org\/iwppi\/wp-json\/wp\/v2\/pages"}],"about":[{"href":"https:\/\/pof-con.org\/iwppi\/wp-json\/wp\/v2\/types\/page"}],"author":[{"embeddable":true,"href":"https:\/\/pof-con.org\/iwppi\/wp-json\/wp\/v2\/users\/1"}],"replies":[{"embeddable":true,"href":"https:\/\/pof-con.org\/iwppi\/wp-json\/wp\/v2\/comments?post=19"}],"version-history":[{"count":27,"href":"https:\/\/pof-con.org\/iwppi\/wp-json\/wp\/v2\/pages\/19\/revisions"}],"predecessor-version":[{"id":480,"href":"https:\/\/pof-con.org\/iwppi\/wp-json\/wp\/v2\/pages\/19\/revisions\/480"}],"wp:attachment":[{"href":"https:\/\/pof-con.org\/iwppi\/wp-json\/wp\/v2\/media?parent=19"}],"curies":[{"name":"wp","href":"https:\/\/api.w.org\/{rel}","templated":true}]}}