{"id":11,"date":"2017-11-01T15:20:24","date_gmt":"2017-11-01T06:20:24","guid":{"rendered":"http:\/\/iwppi.sakura.ne.jp\/wp2018\/?page_id=11"},"modified":"2018-10-12T09:21:05","modified_gmt":"2018-10-12T00:21:05","slug":"speakers","status":"publish","type":"page","link":"https:\/\/pof-con.org\/iwppi\/speakers\/","title":{"rendered":"Speakers"},"content":{"rendered":"<section id=\"speaker\">\r\n  <h1>Plenary Speakers<\/h1>\r\n  <div class=\"clearfix\">\r\n    <div class=\"pre clearfix\">\r\n      <div class=\"thumb\">\r\n        <img decoding=\"async\" src=\"https:\/\/pof-con.org\/iwppi\/wp-content\/themes\/iwppi2018\/img\/program\/duncan2.jpg\" \/>\r\n      <\/div>\r\n      <div class=\"text\">\r\n        <p><b>Duncan T. Moore<\/b>\r\n        <small>University of Rochester, USA<\/small><\/p>\r\n      <\/div>\r\n    <\/div>\r\n\r\n    <div class=\"pre clearfix\">\r\n      <div class=\"thumb\">\r\n        <img decoding=\"async\" src=\"https:\/\/pof-con.org\/iwppi\/wp-content\/themes\/iwppi2018\/img\/program\/nasser.jpg\" \/>\r\n      <\/div>\r\n      <div class=\"text\">\r\n        <p><b>Nasser Peyghambarian<\/b>\r\n        <small>The University of Arizona, USA<\/small><\/p>\r\n      <\/div>\r\n    <\/div>\r\n  <\/div>\r\n  \r\n  \r\n  <h1>Special Session <small>&#8220;Innovation of Photonics Polymer \uff5eMaterial Changes the System\uff5e&#8221;<\/small><\/h1>\r\n  <h2 class=\"noBg\">Panelists<\/h2>\r\n\r\n  <div class=\"clearfix\">\r\n    <div class=\"pre clearfix\">\r\n      <div class=\"thumb\">\r\n        <img decoding=\"async\" src=\"https:\/\/pof-con.org\/iwppi\/wp-content\/themes\/iwppi2018\/img\/program\/shirai.jpg\" \/>\r\n      <\/div>\r\n      <div class=\"text\">\r\n        <p><b>Katsuhiko Shirai<\/b>\r\n        <small>Board Member of NTT Corporation, Former President of Waseda University<\/small><\/p>\r\n      <\/div>\r\n    <\/div>\r\n\r\n    <div class=\"pre clearfix\">\r\n      <div class=\"thumb\">\r\n        <img decoding=\"async\" src=\"https:\/\/pof-con.org\/iwppi\/wp-content\/themes\/iwppi2018\/img\/program\/umehara.jpg\" \/>\r\n      <\/div>\r\n      <div class=\"text\">\r\n        <p><b>Toshiyuki Umehara<\/b>\r\n        <small>Board Member Senior Executive Vice President &#038; CTO &#038; CIO, Nitto Denko Corporation Nitto Denko Corporation<\/small><\/p>\r\n      <\/div>\r\n    <\/div>\r\n\r\n    <div class=\"pre clearfix\">\r\n      <div class=\"thumb\">\r\n        <img decoding=\"async\" src=\"https:\/\/pof-con.org\/iwppi\/wp-content\/themes\/iwppi2018\/img\/program\/kaneko.jpg\" \/>\r\n      <\/div>\r\n      <div class=\"text\">\r\n        <p><b>Yukari Kaneko<\/b>\r\n        <small>Mayor, Suwa City<\/small><\/p>\r\n      <\/div>\r\n    <\/div>\r\n\r\n    <div class=\"pre clearfix\">\r\n      <div class=\"thumb\">\r\n        <img decoding=\"async\" src=\"https:\/\/pof-con.org\/iwppi\/wp-content\/themes\/iwppi2018\/img\/program\/miyata.jpg\" \/>\r\n      <\/div>\r\n      <div class=\"text\">\r\n        <p><b>Seizo Miyata<\/b>\r\n        <small>Program Officer, Japan Science and Tchnology Agency<\/small><\/p>\r\n      <\/div>\r\n    <\/div>\r\n\r\n    <div class=\"pre clearfix\">\r\n      <div class=\"thumb\">\r\n        <img decoding=\"async\" src=\"https:\/\/pof-con.org\/iwppi\/wp-content\/themes\/iwppi2018\/img\/program\/william.jpg\" \/>\r\n      <\/div>\r\n      <div class=\"text\">\r\n        <p><b>William Leggett<\/b>\r\n        <small>Google <\/small><\/p>\r\n      <\/div>\r\n    <\/div>\r\n\r\n    <div class=\"pre clearfix\">\r\n      <div class=\"thumb\">\r\n        <img decoding=\"async\" src=\"https:\/\/pof-con.org\/iwppi\/wp-content\/themes\/iwppi2018\/img\/program\/blade.jpg\" \/>\r\n      <\/div>\r\n      <div class=\"text\">\r\n        <p><b>Blade Olson<\/b>\r\n        <small>Google <\/small><\/p>\r\n      <\/div>\r\n    <\/div>\r\n  <\/div>\r\n\r\n  <h1>Invited Speakers<\/h1>\r\n  <ul>\r\n    <li><strong>Bruno Ameduri<\/strong> (Ing\u00e9nierie et Architectures Macromol\u00e9culaires Institut Charles Gerhardt, France)<\/li>\r\n\r\n    <li><strong>Chantal Andraud<\/strong> (\u00c9cole Normale Sup\u00e9rieure de Lyon, France)<\/li>\r\n\r\n    <li><strong>Andr\u00e9-Jean Attias<\/strong> (Universit\u00e9 Pierre-et-Marie-Curie, France)<\/li>\r\n\r\n    <li><strong>Kin Seng Chiang<\/strong> (City University of Hong Kong, China)<\/li>\r\n\r\n    <li><strong>Ray T. Chen<\/strong> (The University of Texas, USA)<\/li>\r\n\r\n    <li><strong>Vera Cimrova<\/strong> (The Czech Academy of Sciences, Czech)<\/li>\r\n\r\n    <li><strong>Daniel Citterio<\/strong> (Keio University, Japan)<\/li>\r\n\r\n    <li><strong>Kishan Dholakia<\/strong> (University of St. Andrews, Scotland)<\/li>\r\n\r\n    <li><strong>James Grote<\/strong> (Wright Patterson Air Force Base, USA)<\/li>\r\n\r\n    <li><strong>Ken Y. Hsu<\/strong> (National Chiao Tung University, Taiwan)<\/li>\r\n\r\n    <li><strong>Eunkyong Kim<\/strong> (Yonsei University, Korea)<\/li>\r\n\r\n    <li><strong>Mark G. Kuzyk<\/strong> (Washington State University, USA)<\/li>\r\n\r\n    <li><strong>Kwang-Sup Lee<\/strong> (Hannam University, Korea)<\/li>\r\n\r\n    <li><strong>Jean-Michel Nunzi<\/strong> (Queen&#8217;s University, Canada)<\/li>\r\n\r\n    <li><strong>Ileana Rau<\/strong> (POLITEHNICA University of Bucharest, Romania)<\/li>\r\n    \r\n    <li><strong> Hynd Remita<\/strong> (CNRS-Universite Paris-Sude, France)<\/li>\r\n\r\n    <li><strong>Ifor Samuel<\/strong> (University of St. Andrews, UK)<\/li>\r\n\r\n    <li><strong>Ken Singer<\/strong> (Case Western Reserve University, USA)<\/li>\r\n\r\n    <li><strong>Kien Truong<\/strong> (Boeing Commercial Airplanes, USA)<\/li>\r\n\r\n    <li><strong>Hiromasa Yamashita<\/strong> (Kairos Co., Ltd, Japan)<\/li>\r\n\r\n    <li><strong>Joseba Zubia<\/strong> (University of the Basque Country, Spain)<\/li>\r\n  <\/ul>\r\n\r\n  <ul>\r\n    <li><strong>Bin Cai<\/strong> (University of Shanghai Science and Technology, China)<sup>\u203b<\/sup><\/li>\r\n    <li><strong>Chih-Chia Cheng<\/strong> (National Taiwan University of Science and Technology, Taiwan)<sup>\u203b<\/sup><\/li>\r\n    <li><strong>Jun Wang<\/strong> (Shanghai Institute of Optics and Fine Mechanics, China)<sup>\u203b<\/sup><\/li>\r\n    <li><strong>Priastuti Wulandari<\/strong> (Institute Teknologi Bandung, Indonesia)<sup>\u203b<\/sup><\/li>\r\n    <li><sup>\u203b<\/sup>Asian Young Invited by Epson International Scholarship Foundation<\/li>\r\n  <\/ul>\r\n\r\n  <h1>Proposal from &#8220;Photonics Polymer Project&#8221; in S-Innovation Program<\/h1>\r\n\r\n  <ul>\r\n    <li><strong>Kozoh Hakuta<\/strong> (University of Electro-Communications, Japan)<\/li>\r\n    <li><strong>Okihiro Sugihara<\/strong> (Utsunomiya University)<\/li>\r\n    <li><strong>Eiji Yoda<\/strong> (JXTG Nippon Oil &#038; Energy Corporation)<\/li>\r\n    <li><strong>Toyohiko Yatagai<\/strong> (Utsunomiya University, Japan)<\/li>\r\n    <li><strong>Yasuhiro Koike<\/strong> (Keio University)<\/li>\r\n  <\/ul>  \r\n  \r\n  <h1>Special Lectures (Joint Event with Suwa Area Industrial Messe)<\/h1>\r\n  <div class=\"clearfix\">\r\n    <div class=\"pre clearfix\">\r\n      <div class=\"thumb\">\r\n        <img decoding=\"async\" src=\"https:\/\/pof-con.org\/iwppi\/wp-content\/themes\/iwppi2018\/img\/program\/fujishima.jpg\" \/>\r\n      <\/div>\r\n      <div class=\"text\">\r\n        <p><b>Akira Fujishima<\/b>\r\n        <small>Distinguished Professor,<br \/>Former President,<br \/>Tokyo University of Science, Japan<\/small><\/p>\r\n      <\/div>\r\n    <\/div>\r\n\r\n    <div class=\"pre clearfix\">\r\n      <div class=\"thumb\">\r\n        <img decoding=\"async\" src=\"https:\/\/pof-con.org\/iwppi\/wp-content\/themes\/iwppi2018\/img\/program\/duncan.jpg\" \/>\r\n      <\/div>\r\n      <div class=\"text\">\r\n        <p><b>Duncan T. Moore<\/b>\r\n        <small>Professor,<br \/>University of Rochester, USA<\/small><\/p>\r\n      <\/div>\r\n    <\/div>\r\n\r\n    <div class=\"pre clearfix\">\r\n      <div class=\"thumb\">\r\n        <img decoding=\"async\" src=\"https:\/\/pof-con.org\/iwppi\/wp-content\/themes\/iwppi2018\/img\/program\/usui.jpg\" \/>\r\n      <\/div>\r\n      <div class=\"text\">\r\n        <p><b>Minoru Usui<\/b>\r\n        <small>President,<br \/>Seiko Epson Corporation, Japan<\/small><\/p>\r\n      <\/div>\r\n    <\/div>\r\n  <\/div>\r\n<\/section>","protected":false},"excerpt":{"rendered":"<p>Plenary Speakers Duncan T. Moore University of Rochester, USA Nasser Peyghambarian The University of Arizona, USA Special Session &#8220;Innovation of Photonics Polymer \uff5eMaterial Changes the System\uff5e&#8221; Panelists Katsuhiko Shirai Board Member of NTT Corporation, Former President of Waseda University Toshiyuki Umehara Board Member Senior Executive Vice President &#038; CTO &#038; CIO, Nitto Denko Corporation Nitto Denko Corporation Yukari Kaneko Mayor, Suwa City Seizo Miyata Program Officer, Japan Science and Tchnology Agency William Leggett Google Blade Olson Google Invited Speakers Bruno Ameduri (Ing\u00e9nierie et Architectures Macromol\u00e9culaires Institut Charles Gerhardt, France) Chantal Andraud (\u00c9cole Normale Sup\u00e9rieure de Lyon, France) Andr\u00e9-Jean Attias (Universit\u00e9 Pierre-et-Marie-Curie, France) Kin Seng Chiang (City University of Hong Kong, [&hellip;]<\/p>\n","protected":false},"author":1,"featured_media":0,"parent":0,"menu_order":40,"comment_status":"closed","ping_status":"closed","template":"","meta":[],"_links":{"self":[{"href":"https:\/\/pof-con.org\/iwppi\/wp-json\/wp\/v2\/pages\/11"}],"collection":[{"href":"https:\/\/pof-con.org\/iwppi\/wp-json\/wp\/v2\/pages"}],"about":[{"href":"https:\/\/pof-con.org\/iwppi\/wp-json\/wp\/v2\/types\/page"}],"author":[{"embeddable":true,"href":"https:\/\/pof-con.org\/iwppi\/wp-json\/wp\/v2\/users\/1"}],"replies":[{"embeddable":true,"href":"https:\/\/pof-con.org\/iwppi\/wp-json\/wp\/v2\/comments?post=11"}],"version-history":[{"count":42,"href":"https:\/\/pof-con.org\/iwppi\/wp-json\/wp\/v2\/pages\/11\/revisions"}],"predecessor-version":[{"id":606,"href":"https:\/\/pof-con.org\/iwppi\/wp-json\/wp\/v2\/pages\/11\/revisions\/606"}],"wp:attachment":[{"href":"https:\/\/pof-con.org\/iwppi\/wp-json\/wp\/v2\/media?parent=11"}],"curies":[{"name":"wp","href":"https:\/\/api.w.org\/{rel}","templated":true}]}}